{"id":137,"date":"2019-11-26T09:40:50","date_gmt":"2019-11-26T08:40:50","guid":{"rendered":"https:\/\/www.adkovpristav.sk\/?page_id=137"},"modified":"2019-12-05T20:33:05","modified_gmt":"2019-12-05T19:33:05","slug":"kontakt","status":"publish","type":"page","link":"https:\/\/www.adkovpristav.sk\/?page_id=137","title":{"rendered":"Kontakt"},"content":{"rendered":"<div class=\"entry\">\n\n\n<p>N\u00e1zov : A\u010fkov pr\u00edstav<br>S\u00eddlo   : Novoji\u010d\u00ednska 3979\/2, Martin 036 01<br>I\u010cO      : 52094278<br>Iban    : SK42 0900 0000 0051 5959 8318<\/p>\n\n\n<\/div>","protected":false},"excerpt":{"rendered":"<p>N\u00e1zov : A\u010fkov pr\u00edstavS\u00eddlo : Novoji\u010d\u00ednska 3979\/2, Martin 036 01I\u010cO : 52094278Iban : SK42 0900 0000 0051 5959 8318<\/p>\n","protected":false},"author":1,"featured_media":0,"parent":0,"menu_order":0,"comment_status":"closed","ping_status":"closed","template":"","meta":{"_monsterinsights_skip_tracking":false,"_monsterinsights_sitenote_active":false,"_monsterinsights_sitenote_note":"","_monsterinsights_sitenote_category":0,"footnotes":""},"class_list":["post-137","page","type-page","status-publish"],"aioseo_notices":[],"_links":{"self":[{"href":"https:\/\/www.adkovpristav.sk\/index.php?rest_route=\/wp\/v2\/pages\/137","targetHints":{"allow":["GET"]}}],"collection":[{"href":"https:\/\/www.adkovpristav.sk\/index.php?rest_route=\/wp\/v2\/pages"}],"about":[{"href":"https:\/\/www.adkovpristav.sk\/index.php?rest_route=\/wp\/v2\/types\/page"}],"author":[{"embeddable":true,"href":"https:\/\/www.adkovpristav.sk\/index.php?rest_route=\/wp\/v2\/users\/1"}],"replies":[{"embeddable":true,"href":"https:\/\/www.adkovpristav.sk\/index.php?rest_route=%2Fwp%2Fv2%2Fcomments&post=137"}],"version-history":[{"count":2,"href":"https:\/\/www.adkovpristav.sk\/index.php?rest_route=\/wp\/v2\/pages\/137\/revisions"}],"predecessor-version":[{"id":144,"href":"https:\/\/www.adkovpristav.sk\/index.php?rest_route=\/wp\/v2\/pages\/137\/revisions\/144"}],"wp:attachment":[{"href":"https:\/\/www.adkovpristav.sk\/index.php?rest_route=%2Fwp%2Fv2%2Fmedia&parent=137"}],"curies":[{"name":"wp","href":"https:\/\/api.w.org\/{rel}","templated":true}]}}