{"id":51,"date":"2019-11-20T07:52:27","date_gmt":"2019-11-20T06:52:27","guid":{"rendered":"https:\/\/www.adkovpristav.sk\/?page_id=51"},"modified":"2026-04-08T17:35:32","modified_gmt":"2026-04-08T15:35:32","slug":"dve-percenta-z-dane","status":"publish","type":"page","link":"https:\/\/www.adkovpristav.sk\/?page_id=51","title":{"rendered":"Postup na pouk\u00e1zanie 2%"},"content":{"rendered":"<div class=\"entry\">\n\n\n<p>O \u202fpou\u017eit\u00ed \u010dasti zo svojich dan\u00ed sa m\u00f4\u017eete rozhodn\u00fa\u0165 samostatne. Pros\u00edme, nenechajte ich prepadn\u00fa\u0165 venujte svoje 2%&nbsp;ob\u010diansk\u00fdm zdru\u017eeniam&nbsp;a v roku 2026&nbsp;aj obom rodi\u010dom na d\u00f4chodku&nbsp;(2% pre matku a 2% pre otca na d\u00f4chodku). Celkovo tak&nbsp;m\u00f4\u017eete darova\u0165 a\u017e 6%&nbsp;z dane.&nbsp;<\/p>\n\n\n\n<p>Vopred ve\u013emi \u010fakujeme.<\/p>\n\n\n\n<h2 class=\"wp-block-heading\">Pre zamestnancov<\/h2>\n\n\n\n<ol class=\"wp-block-list\">\n<li><strong>Do 15.02.2026<\/strong>&nbsp;po\u017eiadajte zamestn\u00e1vate\u013ea o ro\u010dn\u00e9 z\u00fa\u010dtovanie zaplaten\u00fdch preddavkov na da\u0148.<\/li>\n\n\n\n<li>Potom ho po\u017eiadajte, aby v\u00e1m vystavil tla\u010divo&nbsp;<em>Potvrdenie o zaplaten\u00ed dane<\/em>.<\/li>\n\n\n\n<li>Z tohto Potvrdenia si viete zisti\u0165 d\u00e1tum zaplatenia dane a vypo\u010d\u00edta\u0165 2% z Va\u0161ej zaplatenej dane- to je maxim\u00e1lna suma, ktor\u00fa m\u00f4\u017eete v prospech prij\u00edmate\u013ea pouk\u00e1za\u0165. T\u00e1to suma v\u0161ak mus\u00ed by\u0165 minim\u00e1lne 3,00 \u20ac. Ak ste v roku 2026 odpracovali dobrovo\u013en\u00edcky minim\u00e1lne 40 hod\u00edn a m\u00e1te o tom potvrdenie, m\u00f4\u017eete v prospech prij\u00edmate\u013ea pouk\u00e1za\u0165 3% z Va\u0161ej zaplatenej dane.<\/li>\n\n\n\n<li>Pre\u010d\u00edtajte si cel\u00e9 Vyhl\u00e1senie, v ktorom s\u00fa predvyplnen\u00e9 na\u0161e \u00fadaje. Do Vyhl\u00e1senia dopl\u0148te sumu, ktor\u00fa n\u00e1m chcete pouk\u00e1za\u0165.<\/li>\n\n\n\n<li>Obe tieto tla\u010div\u00e1, teda Vyhl\u00e1senie spolu s Potvrden\u00edm, doru\u010dte&nbsp;<strong>do 30.04.2026<\/strong>&nbsp;na da\u0148ov\u00fd \u00farad pod\u013ea V\u00e1\u0161ho bydliska.<\/li>\n<\/ol>\n\n\n\n<h2 class=\"wp-block-heading\">Pre fyzick\u00e9 osoby<\/h2>\n\n\n\n<ol class=\"wp-block-list\">\n<li>Vypo\u010d\u00edtajte si Va\u0161e 2% z dane z pr\u00edjmov fyzickej osoby\u2013 to je maxim\u00e1lna suma, ktor\u00fa m\u00f4\u017eete pouk\u00e1za\u0165 v prospech prij\u00edmate\u013ea, pouk\u00e1za\u0165 m\u00f4\u017eete aj menej ako 2%, mus\u00ed v\u0161ak by\u0165 splnen\u00e1 podmienka minim\u00e1lne 3,00 \u20ac pre prij\u00edmate\u013ea.<\/li>\n\n\n\n<li>V da\u0148ovom priznan\u00ed pre fyzick\u00e9 osoby s\u00fa u\u017e uveden\u00e9 kol\u00f3nky na pouk\u00e1zanie 2% z dane v prospech 1 prij\u00edmate\u013ea, vlo\u017ete sem na\u0161e \u00fadaje.<\/li>\n\n\n\n<li>Riadne vyplnen\u00e9 da\u0148ov\u00e9 priznanie doru\u010dte v lehote, ktor\u00fa m\u00e1te na podanie da\u0148ov\u00e9ho priznania (zvy\u010dajne do 31.3.2026) na V\u00e1\u0161 da\u0148ov\u00fd \u00farad.<\/li>\n<\/ol>\n\n\n\n<h2 class=\"wp-block-heading\">Pr\u00e1vnick\u00e9 osoby<\/h2>\n\n\n\n<ol class=\"wp-block-list\">\n<li>Pr\u00e1vnick\u00e9 osoby m\u00f4\u017eu pouk\u00e1za\u0165 1,0% (2%) z dane aj viacer\u00fdm prij\u00edmate\u013eom, minim\u00e1lna v\u00fd\u0161ka v prospech jedn\u00e9ho prij\u00edmate\u013ea je 8,00 \u20ac.<\/li>\n\n\n\n<li>Vypo\u010d\u00edtajte si Va\u0161e 1,0% (2%) z dane z pr\u00edjmov pr\u00e1vnickej osoby\u2013 to je maxim\u00e1lna suma, ktor\u00fa m\u00f4\u017eete pouk\u00e1za\u0165 v prospech prij\u00edmate\u013ea\/prij\u00edmate\u013eov, pouk\u00e1za\u0165 m\u00f4\u017eete aj menej ako 1,0% (2%), mus\u00ed v\u0161ak by\u0165 splnen\u00e1 podmienka minim\u00e1lne 8,00 \u20ac na jedn\u00e9ho prij\u00edmate\u013ea.<\/li>\n\n\n\n<li>V da\u0148ovom priznan\u00ed pre pr\u00e1vnick\u00e9 osoby \u2013 \u010cas\u0165 IV. s\u00fa u\u017e uveden\u00e9 kol\u00f3nky na pouk\u00e1zanie 1,0% (2%) z dane v prospech 1 prij\u00edmate\u013ea. Uve\u010fte sem na\u0161e \u00fadaje.<\/li>\n\n\n\n<li>Riadne vyplnen\u00e9 da\u0148ov\u00e9 priznanie doru\u010dte v lehote, ktor\u00fa m\u00e1te na podanie da\u0148ov\u00e9ho priznania na v\u00e1\u0161 da\u0148ov\u00fd \u00farad<\/li>\n<\/ol>\n\n\n\n<h1 class=\"wp-block-heading\">Na stiahnutie<\/h1>\n\n\n\n<p><a href=\"https:\/\/www.adkovpristav.sk\/wp-content\/uploads\/2026\/04\/adkov-pristav-2026.pdf\">Poukazanie 2% dani za rok 2026<\/a><\/p>\n\n\n\n<p><\/p>\n\n\n<\/div>","protected":false},"excerpt":{"rendered":"<p>O \u202fpou\u017eit\u00ed \u010dasti zo svojich dan\u00ed sa m\u00f4\u017eete rozhodn\u00fa\u0165 samostatne. Pros\u00edme, nenechajte ich prepadn\u00fa\u0165 venujte svoje 2%&nbsp;ob\u010diansk\u00fdm zdru\u017eeniam&nbsp;a v roku 2026&nbsp;aj obom rodi\u010dom na d\u00f4chodku&nbsp;(2% pre matku a 2% pre otca na d\u00f4chodku). Celkovo tak&nbsp;m\u00f4\u017eete darova\u0165 a\u017e 6%&nbsp;z dane.&nbsp; Vopred ve\u013emi \u010fakujeme. Pre zamestnancov Pre fyzick\u00e9 osoby Pr\u00e1vnick\u00e9 osoby Na stiahnutie Poukazanie 2% dani za &#8230;<\/p>\n","protected":false},"author":1,"featured_media":0,"parent":0,"menu_order":1,"comment_status":"closed","ping_status":"closed","template":"","meta":{"_monsterinsights_skip_tracking":false,"_monsterinsights_sitenote_active":false,"_monsterinsights_sitenote_note":"","_monsterinsights_sitenote_category":0,"footnotes":""},"class_list":["post-51","page","type-page","status-publish"],"aioseo_notices":[],"_links":{"self":[{"href":"https:\/\/www.adkovpristav.sk\/index.php?rest_route=\/wp\/v2\/pages\/51","targetHints":{"allow":["GET"]}}],"collection":[{"href":"https:\/\/www.adkovpristav.sk\/index.php?rest_route=\/wp\/v2\/pages"}],"about":[{"href":"https:\/\/www.adkovpristav.sk\/index.php?rest_route=\/wp\/v2\/types\/page"}],"author":[{"embeddable":true,"href":"https:\/\/www.adkovpristav.sk\/index.php?rest_route=\/wp\/v2\/users\/1"}],"replies":[{"embeddable":true,"href":"https:\/\/www.adkovpristav.sk\/index.php?rest_route=%2Fwp%2Fv2%2Fcomments&post=51"}],"version-history":[{"count":28,"href":"https:\/\/www.adkovpristav.sk\/index.php?rest_route=\/wp\/v2\/pages\/51\/revisions"}],"predecessor-version":[{"id":1754,"href":"https:\/\/www.adkovpristav.sk\/index.php?rest_route=\/wp\/v2\/pages\/51\/revisions\/1754"}],"wp:attachment":[{"href":"https:\/\/www.adkovpristav.sk\/index.php?rest_route=%2Fwp%2Fv2%2Fmedia&parent=51"}],"curies":[{"name":"wp","href":"https:\/\/api.w.org\/{rel}","templated":true}]}}