{"id":74,"date":"2019-11-20T10:53:34","date_gmt":"2019-11-20T09:53:34","guid":{"rendered":"https:\/\/www.adkovpristav.sk\/?page_id=74"},"modified":"2019-11-20T14:30:05","modified_gmt":"2019-11-20T13:30:05","slug":"cookies","status":"publish","type":"page","link":"https:\/\/www.adkovpristav.sk\/?page_id=74","title":{"rendered":"Cookies"},"content":{"rendered":"<div class=\"entry\">\n\n\n<p><strong>INFORM\u00c1CIE O&nbsp;SPRAC\u00daVAN\u00cd VA\u0160ICH OSOBN\u00ddCH \u00daDAJOV <\/strong><strong>T\u00ddKAJ\u00daCICH SA COOKIES<\/strong><\/p>\n\n\n\n<p>v&nbsp;s\u00falade s&nbsp;\u010dl\u00e1nkom 13 NARIADENIA EUR\u00d3PSKEHO PARLAMENTU A RADY (E\u00da) 2016\/679 (\u010falej len \u201eGDPR\u201c) a&nbsp;v&nbsp;s\u00falade s \u00a719 z\u00e1kona \u010d. 18\/2018 Z. z. o ochrane osobn\u00fdch \u00fadajov (\u010falej len \u201eZ\u00e1kon\u201c)<\/p>\n\n\n\n<p>Nako\u013eko v&nbsp;s\u00favislosti so sprac\u00favan\u00edm Cookies&nbsp;doch\u00e1dza k&nbsp;sprac\u00favaniu osobn\u00fdch \u00fadajov, chceli by sme V\u00e1s ako dotknut\u00fa osobu informova\u0165 o&nbsp;Va\u0161ich pr\u00e1vach a podmienkach sprac\u00favania Va\u0161ich osobn\u00fdch \u00fadajov. Z\u00e1rove\u0148 by sme V\u00e1s chceli ubezpe\u010di\u0165, \u017ee ochrana Va\u0161ich osobn\u00fdch \u00fadajov je pre na\u0161u organiz\u00e1ciu d\u00f4le\u017eit\u00e1 a&nbsp;za t\u00fdmto \u00fa\u010delom m\u00e1me zaveden\u00e9 bezpe\u010dnostn\u00e9 opatrenia v&nbsp;s\u00falade s&nbsp;GDPR.<\/p>\n\n\n\n<p><strong>IDENTIFIKA\u010cN\u00c9 \u00daDAJE A KONTAKTN\u00c9 \u00daDAJE PREV\u00c1DZKOVATE\u013dA<\/strong><\/p>\n\n\n\n<table class=\"wp-block-table\"><tbody><tr><td>   Obchodn\u00e9 meno:   <\/td><td>   <\/td><\/tr><tr><td>\n  S\u00eddlo:\n  <\/td><td>    <\/td><\/tr><tr><td>\n  I\u010cO:\n  <\/td><td>  <\/td><\/tr><tr><td>\n  Kontakt:\n  <\/td><td>    <\/td><\/tr><tr><td>\n  Zodpovedn\u00e1 osoba:\n  <\/td><td>   <\/td><\/tr><\/tbody><\/table>\n\n\n\n<table class=\"wp-block-table is-style-stripes\"><tbody><tr><td>\n  <strong>\u010cO S\u00da COOKIES?<\/strong>\n  <\/td><\/tr><tr><td> S\u00fa to kr\u00e1tke, zvy\u010dajne textov\u00e9 s\u00fabory, generovan\u00e9 webov\u00fdm serverom, ktor\u00e9 sa&nbsp;ukladaj\u00fa na po\u010d\u00edta\u010di pou\u017e\u00edvate\u013ea (n\u00e1v\u0161tevn\u00edka webovej str\u00e1nky), a&nbsp;to prostredn\u00edctvom webov\u00e9ho prehliada\u010da dan\u00e9ho pou\u017e\u00edvate\u013ea (v&nbsp;pr\u00edpade, \u017ee s\u00fa na strane webov\u00e9ho prehliada\u010da povolen\u00e9).&nbsp; Ke\u010f sa pou\u017e\u00edvate\u013e nesk\u00f4r vr\u00e1ti na t\u00fa ist\u00fa webov\u00fa str\u00e1nku, prehliada\u010d po\u0161le tieto ulo\u017een\u00e9 cookies sp\u00e4\u0165 na&nbsp;webov\u00fd server, ktor\u00e9 si&nbsp; pred t\u00fdm ulo\u017eil na po\u010d\u00edta\u010di pou\u017e\u00edvate\u013ea. Tzv. Sessioncookies maj\u00fa kr\u00e1tku \u017eivotnos\u0165 a&nbsp;ma\u017e\u00fa sa po ukon\u010den\u00ed aktu\u00e1lnej n\u00e1v\u0161tevy, resp. po zatvoren\u00ed prehliada\u010da.<br><br>Cookies nie je za ka\u017ed\u00fdch okolnost\u00ed osobn\u00fdm \u00fadajov, osobn\u00fdm \u00fadajom je vtedy, ak je s\u00fa\u010das\u0165ou re\u0165azca \u010fal\u0161\u00edch \u00fadajov via\u017eucich sa na konkr\u00e9tnu fyzick\u00fa osobu, na z\u00e1klade ktor\u00fdch mo\u017eno t\u00fato fyzick\u00fa osobu identifikova\u0165. <\/td><\/tr><\/tbody><\/table>\n\n\n\n<table class=\"wp-block-table is-style-stripes\"><tbody><tr><td>\n  <strong>\u00da\u010cEL SPRAC\u00daVANIA OSOBN\u00ddCH \u00daDAJOV<\/strong>\n  <\/td><\/tr><tr><td>\n  <strong>S\u00fabory cookies umo\u017e\u0148uj\u00fa skvalit\u0148ova\u0165 a prisp\u00f4sobova\u0165\n  slu\u017eby prev\u00e1dzkovate\u013ea poskytovan\u00e9 prostredn\u00edctvomwebovej str\u00e1nky.<\/strong>\n  <\/td><\/tr><\/tbody><\/table>\n\n\n\n<table class=\"wp-block-table is-style-stripes\"><tbody><tr><td>\n  <strong>PR\u00c1VNY Z\u00c1KLAD SPRAC\u00daVANIA OSOBN\u00ddCH \u00daDAJOV<\/strong>\n  <\/td><\/tr><tr><td>\u00a7&nbsp;&nbsp;<strong>S\u00fahlas<\/strong>&nbsp;so sprac\u00favan\u00edm   svojich osobn\u00fdch \u00fadajov \u2013 \u010cl. 6 ods.1 p\u00edsm. a) GDPR (\u00a7 13 ods.1 p\u00edsm. a)   Z\u00e1kona)  <br>\u00a7&nbsp;&nbsp;<strong>Opr\u00e1vnen\u00fd z\u00e1ujem<\/strong>&nbsp;pod\u013ea \u010cl.   6 ods.1 p\u00edsm. f) GDPR (\u00a7 13 ods.1 p\u00edsm. f) Z\u00e1kona) pre marketingov\u00e9 \u00fa\u010dely   <\/td><\/tr><\/tbody><\/table>\n\n\n\n<table class=\"wp-block-table is-style-stripes\"><tbody><tr><td>\n  <strong>KATEG\u00d3RIE PR\u00cdJEMCOV<\/strong>\n  <\/td><\/tr><tr><td><strong>Va\u0161e osobn\u00e9 \u00fadaje m\u00f4\u017eu by\u0165 poskytnut\u00e9 nasleduj\u00facim   kateg\u00f3ri\u00e1m pr\u00edjemcov:<\/strong><br>&#8211;&nbsp; Poskytovate\u013e webhostingu za \u00fa\u010delom   uchov\u00e1vania a \/z\u00e1lohovania<br>    \u00fadajov<br>&#8211;&nbsp; Poskytovate\u013e IT servisu\/\u00fadr\u017eby\/ <br>&#8211;&nbsp; Poskytovate\u013e trackovac\u00edch slu\u017eieb za \u00fa\u010delom   skvalit\u0148ovania slu\u017eieb   <\/td><\/tr><\/tbody><\/table>\n\n\n\n<table class=\"wp-block-table is-style-stripes\"><tbody><tr><td>\n  <strong>PRENOS OSOBN\u00ddCH \u00daDAJOV DO TRETEJ KRAJINY ALEBO\n  MEDZIN\u00c1RODNEJ ORGANIZ\u00c1CII<\/strong>\n  <\/td><\/tr><tr><td>\n  Nie je a&nbsp;ani sa nezam\u00fd\u0161\u013ea.\n  <\/td><\/tr><tr><td>\n  <strong>DOBA UCHOV\u00c1VANIA OSOBN\u00ddCH \u00daDAJOV<\/strong>\n  <\/td><\/tr><tr><td>\n  S\u00fabory cookies maj\u00fa \u017eivotnos\u0165 po dobu stanoven\u00fa v\n  parametroch cookies, ktor\u00e1 je:\n  <\/td><\/tr><\/tbody><\/table>\n\n\n\n<table class=\"wp-block-table is-style-stripes\"><tbody><tr><td>\n  <strong>POU\u010cENIE O&nbsp;PR\u00c1VACH DOTKNUTEJ OSOBY<\/strong>\n  <\/td><\/tr><tr><td>   V\u00a0s\u00falade s\u00a0\u010dl.13 \u2013 21 GDPR (\u00a7 19-27 z\u00e1kona   o\u00a0ochrane osobn\u00fdch \u00fadajov) m\u00e1te ako dotknut\u00e1 osoba: <br><br>&#8211;\u00a0\u00a0\u00a0\u00a0\u00a0\u00a0\u00a0\u00a0\u00a0\u00a0<strong>pr\u00e1vo   po\u017eadova\u0165<\/strong>\u00a0od prev\u00e1dzkovate\u013ea\u00a0<strong>pr\u00edstup k\u00a0 osobn\u00fdm   \u00fadajom\u00a0<\/strong>t\u00fdkaj\u00facich sa Va\u0161ej osoby\u00a0<strong>a potvrdenie o tom, \u010di sa   sprac\u00favaj\u00fa osobn\u00e9 \u00fadaje, ktor\u00e9 sa V\u00e1s t\u00fdkaj\u00fa<\/strong>(\u010dl.15 GDPR), <br><br>&#8211;\u00a0\u00a0\u00a0\u00a0\u00a0\u00a0\u00a0\u00a0\u00a0\u00a0<strong>pr\u00e1vo   na opravu<\/strong>\u00a0 Va\u0161ich nespr\u00e1vnych alebo ne\u00fapln\u00fdch osobn\u00fdch \u00fadajov (\u010dl.16   GDPR),   &#8211;\u00a0\u00a0\u00a0\u00a0\u00a0\u00a0\u00a0\u00a0\u00a0\u00a0<strong>pr\u00e1vo   na vymazanie<\/strong>\u00a0Va\u0161ich osobn\u00fdch \u00fadajov, ak \u00fa\u010del ich sprac\u00favania skon\u010dil   alebo je splnen\u00e1 niektor\u00e1 z\u00a0podmienok \u010dl.17 GDPR,<br><br>&#8211;\u00a0\u00a0\u00a0\u00a0\u00a0\u00a0\u00a0\u00a0\u00a0\u00a0<strong>pr\u00e1vo   na obmedzenie<\/strong>\u00a0sprac\u00favania osobn\u00fdch \u00fadajov,ak ide o pr\u00edpady pod\u013ea   \u010dl.18 GDPR,<br><br>&#8211;\u00a0\u00a0\u00a0\u00a0\u00a0\u00a0\u00a0\u00a0\u00a0\u00a0<strong>pr\u00e1vo   namieta\u0165<\/strong>\u00a0sprac\u00favanie osobn\u00fdch \u00fadajov, ak ide o pr\u00edpady pod\u013ea \u010dl.21   GDPR,<br>&#8211;\u00a0\u00a0\u00a0\u00a0\u00a0\u00a0\u00a0\u00a0\u00a0\u00a0<strong>pr\u00e1vo   na prenosnos\u0165<\/strong>\u00a0osobn\u00fdch \u00fadajov pod\u013ea \u010dl.20 GDPR,<br><br>&#8211;\u00a0\u00a0\u00a0\u00a0\u00a0\u00a0\u00a0\u00a0\u00a0\u00a0<strong>pr\u00e1vo   poda\u0165 s\u0165a\u017enos\u0165<\/strong>\u00a0dozorn\u00e9mu org\u00e1nu \u00daradu na ochranu osobn\u00fdch \u00fadajov   Slovenskej republiky, Hrani\u010dn\u00e1 12, 820 07 Bratislava 27 -pr\u00e1vo poda\u0165 n\u00e1vrh na   za\u010datie konania pod\u013ea \u00a7100 z\u00e1konao\u00a0ochrane osobn\u00fdch \u00fadajov.   Svoje pr\u00e1va m\u00f4\u017eete uplatni\u0165 p\u00edsomne na adresu s\u00eddla   prev\u00e1dzkovate\u013ea alebo na e-mailov\u00fa adresu prev\u00e1dzkovate\u013ea uveden\u00fa   v\u00a0z\u00e1hlav\u00ed tohto dokumentu. V\u00a0pr\u00edpade ot\u00e1zok n\u00e1s nev\u00e1hajte   kontaktova\u0165.   <\/td><\/tr><\/tbody><\/table>\n\n\n\n<table class=\"wp-block-table is-style-stripes\"><tbody><tr><td>\n  <strong>POU\u010cENIE O&nbsp;PR\u00c1VE KEDYKO\u013dVEK ODVOLA\u0164 SVOJ S\u00daHLAS<\/strong>\n  <\/td><\/tr><tr><td>   M\u00e1te pr\u00e1vo svoj s\u00fahlas kedyko\u013evek odvola\u0165, a\u00a0to   p\u00edsomne na e-mailov\u00fa adresuuveden\u00fa v\u00a0z\u00e1hlav\u00ed tohto dokumentu. Odvolanie   s\u00fahlasu nem\u00e1 vplyv na z\u00e1konnos\u0165 sprac\u00favania osobn\u00fdch \u00fadajov zalo\u017eenom na   s\u00fahlase pred jeho odvolan\u00edm.<br><br><strong>Cookiesm\u00f4\u017ee pou\u017e\u00edvate\u013e kedyko\u013evek odstr\u00e1ni\u0165,   a\u00a0to zmenen\u00edm nastavenia svojho webov\u00e9ho prehliada\u010da.<\/strong>\u00a0Existuje ve\u013ea sp\u00f4sobov na   riadenie cookies. Pre\u0161tudujte si pros\u00edm pokyny V\u00e1\u0161ho prehliada\u010da alebo   pomocn\u00edka, aby ste dozvedeli viac o tom, ako prisp\u00f4sobi\u0165, alebo upravi\u0165   nastavenia V\u00e1\u0161ho prehliada\u010da.   <\/td><\/tr><\/tbody><\/table>\n\n\n\n<table class=\"wp-block-table is-style-stripes\"><tbody><tr><td>\n  <strong>POSKYTNUTIE VA\u0160\u00cdCH OSOBN\u00ddCH \u00daDAJOV JE DOBROVO\u013dN\u00c9<\/strong>\n  <\/td><\/tr><tr><td>\n  V pr\u00edpade, \u017ee nes\u00fahlas\u00edte so sledovan\u00edm cookies,\n  Va\u0161e osobn\u00e9 \u00fadaje sa nebud\u00fa pre dan\u00fd \u00fa\u010del sprac\u00fava\u0165 a&nbsp;nem\u00e1 to pre V\u00e1s\n  \u017eiaden pr\u00e1vny dopad\/n\u00e1sledky.&nbsp;<strong>Obmedzenie cookies v\u0161ak m\u00f4\u017ee ma\u0165 vplyv\n  na niektor\u00e9 funkcie, ktor\u00e9 s\u00fa k dispoz\u00edcii na webovej str\u00e1nke prev\u00e1dzkovate\u013ea\n  alebo vplyv na spr\u00e1vne zobrazovanie a&nbsp;fungovanie webovej str\u00e1nky.<\/strong>\n  <\/td><\/tr><\/tbody><\/table>\n\n\n\n<table class=\"wp-block-table is-style-stripes\"><tbody><tr><td>\n  <strong>AUTOMATIZOVAN\u00c9 ROZHODOVANIE VR\u00c1TANE PROFILOVANIA<\/strong>\n  <\/td><\/tr><tr><td>\n  Prev\u00e1dzkovate\u013e pri sprac\u00favan\u00ed osobn\u00fdch \u00fadajov pre\n  dan\u00fd&nbsp; \u00fa\u010del nepo\u017e\u00edva automatizovan\u00e9 individu\u00e1lne rozhodovanie, ani\n  profilovanie.\n  <\/td><\/tr><\/tbody><\/table>\n\n\n<\/div>","protected":false},"excerpt":{"rendered":"<p>INFORM\u00c1CIE O&nbsp;SPRAC\u00daVAN\u00cd VA\u0160ICH OSOBN\u00ddCH \u00daDAJOV T\u00ddKAJ\u00daCICH SA COOKIES v&nbsp;s\u00falade s&nbsp;\u010dl\u00e1nkom 13 NARIADENIA EUR\u00d3PSKEHO PARLAMENTU A RADY (E\u00da) 2016\/679 (\u010falej len \u201eGDPR\u201c) a&nbsp;v&nbsp;s\u00falade s \u00a719 z\u00e1kona \u010d. 18\/2018 Z. z. o ochrane osobn\u00fdch \u00fadajov (\u010falej len \u201eZ\u00e1kon\u201c) Nako\u013eko v&nbsp;s\u00favislosti so sprac\u00favan\u00edm Cookies&nbsp;doch\u00e1dza k&nbsp;sprac\u00favaniu osobn\u00fdch \u00fadajov, chceli by sme V\u00e1s ako dotknut\u00fa osobu informova\u0165 o&nbsp;Va\u0161ich pr\u00e1vach a &#8230;<\/p>\n","protected":false},"author":1,"featured_media":0,"parent":0,"menu_order":3,"comment_status":"closed","ping_status":"closed","template":"","meta":{"_monsterinsights_skip_tracking":false,"_monsterinsights_sitenote_active":false,"_monsterinsights_sitenote_note":"","_monsterinsights_sitenote_category":0,"footnotes":""},"class_list":["post-74","page","type-page","status-publish"],"aioseo_notices":[],"_links":{"self":[{"href":"https:\/\/www.adkovpristav.sk\/index.php?rest_route=\/wp\/v2\/pages\/74","targetHints":{"allow":["GET"]}}],"collection":[{"href":"https:\/\/www.adkovpristav.sk\/index.php?rest_route=\/wp\/v2\/pages"}],"about":[{"href":"https:\/\/www.adkovpristav.sk\/index.php?rest_route=\/wp\/v2\/types\/page"}],"author":[{"embeddable":true,"href":"https:\/\/www.adkovpristav.sk\/index.php?rest_route=\/wp\/v2\/users\/1"}],"replies":[{"embeddable":true,"href":"https:\/\/www.adkovpristav.sk\/index.php?rest_route=%2Fwp%2Fv2%2Fcomments&post=74"}],"version-history":[{"count":5,"href":"https:\/\/www.adkovpristav.sk\/index.php?rest_route=\/wp\/v2\/pages\/74\/revisions"}],"predecessor-version":[{"id":100,"href":"https:\/\/www.adkovpristav.sk\/index.php?rest_route=\/wp\/v2\/pages\/74\/revisions\/100"}],"wp:attachment":[{"href":"https:\/\/www.adkovpristav.sk\/index.php?rest_route=%2Fwp%2Fv2%2Fmedia&parent=74"}],"curies":[{"name":"wp","href":"https:\/\/api.w.org\/{rel}","templated":true}]}}